{"id":8,"date":"2020-05-10T16:37:51","date_gmt":"2020-05-10T14:37:51","guid":{"rendered":"https:\/\/de-block.org\/?page_id=8"},"modified":"2024-04-08T09:46:17","modified_gmt":"2024-04-08T07:46:17","slug":"de-block-hat-angebote","status":"publish","type":"page","link":"https:\/\/de-block.org\/?page_id=8","title":{"rendered":"Projekte"},"content":{"rendered":"\n<p><strong>de-block hat Angebote<\/strong> <br>eine Schreibwerkstatt f\u00fcr Menschen, die Briefe schreiben lassen wollen | ein Programm mit (Bildungs-)Veranstaltungen | eine Infrastruktur, um lautstark zu demonstrieren | R\u00e4ume f\u00fcr Sitzungen | ein Tisch mit Informationen zu solidarischen Unterst\u00fctzungsangeboten und Veranstaltungen | eine Computerecke mit Internet und Drucker (gratis) | ein Brot- und Pizzaofen f\u00fcr alle | eine Arbeitsgruppe gegen steigende Mieten und Verdr\u00e4ngung in Bern West | <\/p>\n","protected":false},"excerpt":{"rendered":"<p>de-block hat Angebote eine Schreibwerkstatt f\u00fcr Menschen, die Briefe schreiben lassen wollen | ein Programm mit (Bildungs-)Veranstaltungen | eine Infrastruktur, um lautstark zu demonstrieren | R\u00e4ume f\u00fcr Sitzungen | ein Tisch mit Informationen zu solidarischen Unterst\u00fctzungsangeboten und Veranstaltungen | eine Computerecke mit Internet und Drucker (gratis) | ein Brot- und Pizzaofen f\u00fcr alle | eine &hellip; <\/p>\n<p class=\"link-more\"><a href=\"https:\/\/de-block.org\/?page_id=8\" class=\"more-link\">Continue reading<span class=\"screen-reader-text\"> &#8220;Projekte&#8221;<\/span><\/a><\/p>\n","protected":false},"author":1,"featured_media":0,"parent":0,"menu_order":0,"comment_status":"closed","ping_status":"closed","template":"","meta":{"footnotes":""},"class_list":["post-8","page","type-page","status-publish","hentry"],"_links":{"self":[{"href":"https:\/\/de-block.org\/index.php?rest_route=\/wp\/v2\/pages\/8","targetHints":{"allow":["GET"]}}],"collection":[{"href":"https:\/\/de-block.org\/index.php?rest_route=\/wp\/v2\/pages"}],"about":[{"href":"https:\/\/de-block.org\/index.php?rest_route=\/wp\/v2\/types\/page"}],"author":[{"embeddable":true,"href":"https:\/\/de-block.org\/index.php?rest_route=\/wp\/v2\/users\/1"}],"replies":[{"embeddable":true,"href":"https:\/\/de-block.org\/index.php?rest_route=%2Fwp%2Fv2%2Fcomments&post=8"}],"version-history":[{"count":9,"href":"https:\/\/de-block.org\/index.php?rest_route=\/wp\/v2\/pages\/8\/revisions"}],"predecessor-version":[{"id":393,"href":"https:\/\/de-block.org\/index.php?rest_route=\/wp\/v2\/pages\/8\/revisions\/393"}],"wp:attachment":[{"href":"https:\/\/de-block.org\/index.php?rest_route=%2Fwp%2Fv2%2Fmedia&parent=8"}],"curies":[{"name":"wp","href":"https:\/\/api.w.org\/{rel}","templated":true}]}}