{"id":6,"date":"2020-05-10T16:36:43","date_gmt":"2020-05-10T14:36:43","guid":{"rendered":"https:\/\/de-block.org\/?page_id=6"},"modified":"2020-05-10T17:13:21","modified_gmt":"2020-05-10T15:13:21","slug":"de-block-hat-ziele","status":"publish","type":"page","link":"https:\/\/de-block.org\/?page_id=6","title":{"rendered":"Ziele"},"content":{"rendered":"\n<p><strong>de_block will deblockieren<\/strong> <br>Offen und solidarisch sein | Gegenseitige Hilfe und Informationen organisieren | Mit- und Selbstbestimmung leben | Widerstand gegen Ausschluss und Verdr\u00e4ngung leisten | Privilegien und Diskriminierungen abbauen | Alternativen entwickeln und verfolgen<\/p>\n\n\n\n<p><strong>de_block ist Freiraum<\/strong><br>Treffpunkt f\u00fcr Menschen in Bern West und aus der ganzen Welt | Vernetzungsort f\u00fcr Communities und Kollektive | Begegnungsraum ohne Diskrimierungen und Konsumzwang | Anlaufstelle f\u00fcr Informationen und Unterst\u00fctzung | Knotenpunkt f\u00fcr Widerstand und Emanzipation<\/p>\n","protected":false},"excerpt":{"rendered":"<p>de_block will deblockieren Offen und solidarisch sein | Gegenseitige Hilfe und Informationen organisieren | Mit- und Selbstbestimmung leben | Widerstand gegen Ausschluss und Verdr\u00e4ngung leisten | Privilegien und Diskriminierungen abbauen | Alternativen entwickeln und verfolgen de_block ist FreiraumTreffpunkt f\u00fcr Menschen in Bern West und aus der ganzen Welt | Vernetzungsort f\u00fcr Communities und Kollektive | &hellip; <\/p>\n<p class=\"link-more\"><a href=\"https:\/\/de-block.org\/?page_id=6\" class=\"more-link\">Continue reading<span class=\"screen-reader-text\"> &#8220;Ziele&#8221;<\/span><\/a><\/p>\n","protected":false},"author":1,"featured_media":0,"parent":0,"menu_order":0,"comment_status":"closed","ping_status":"closed","template":"","meta":{"footnotes":""},"class_list":["post-6","page","type-page","status-publish","hentry"],"_links":{"self":[{"href":"https:\/\/de-block.org\/index.php?rest_route=\/wp\/v2\/pages\/6","targetHints":{"allow":["GET"]}}],"collection":[{"href":"https:\/\/de-block.org\/index.php?rest_route=\/wp\/v2\/pages"}],"about":[{"href":"https:\/\/de-block.org\/index.php?rest_route=\/wp\/v2\/types\/page"}],"author":[{"embeddable":true,"href":"https:\/\/de-block.org\/index.php?rest_route=\/wp\/v2\/users\/1"}],"replies":[{"embeddable":true,"href":"https:\/\/de-block.org\/index.php?rest_route=%2Fwp%2Fv2%2Fcomments&post=6"}],"version-history":[{"count":3,"href":"https:\/\/de-block.org\/index.php?rest_route=\/wp\/v2\/pages\/6\/revisions"}],"predecessor-version":[{"id":424,"href":"https:\/\/de-block.org\/index.php?rest_route=\/wp\/v2\/pages\/6\/revisions\/424"}],"wp:attachment":[{"href":"https:\/\/de-block.org\/index.php?rest_route=%2Fwp%2Fv2%2Fmedia&parent=6"}],"curies":[{"name":"wp","href":"https:\/\/api.w.org\/{rel}","templated":true}]}}