{"id":11,"date":"2020-05-10T16:40:24","date_gmt":"2020-05-10T14:40:24","guid":{"rendered":"https:\/\/de-block.org\/?page_id=11"},"modified":"2020-09-18T12:07:33","modified_gmt":"2020-09-18T10:07:33","slug":"de-block-organisiert-sich","status":"publish","type":"page","link":"https:\/\/de-block.org\/?page_id=11","title":{"rendered":"Mitmachen"},"content":{"rendered":"\n<p><strong>de-block organisiert sich<\/strong> <br>ohne Hierarchien unabh\u00e4ngig | selbstbestimmt | barrierearm | gemeinsam | gemeinn\u00fctzig | als Verein <\/p>\n\n\n\n<p><strong>de-block ist offen<\/strong> <br>f\u00fcr Menschen und Gruppen mit Ideen und Interesse | mit Lust auf Zusammenarbeit | mit Respekt f\u00fcr die bisherigen Strukturen und Grunds\u00e4tze<\/p>\n\n\n\n<p><strong>de-block ist froh um Spenden<br><\/strong>Community Center de_block<br>Waldmannstrasse 17 | 3027 Bern West<br>IBAN: CH54 0900 0000 1545 5509 4<\/p>\n\n\n\n<figure class=\"wp-block-image size-large is-resized\"><img loading=\"lazy\" decoding=\"async\" src=\"https:\/\/de-block.org\/wp-content\/uploads\/2020\/09\/perlen-1-720x1024.jpg\" alt=\"\" class=\"wp-image-144\" width=\"540\" height=\"768\" srcset=\"https:\/\/de-block.org\/wp-content\/uploads\/2020\/09\/perlen-1-720x1024.jpg 720w, https:\/\/de-block.org\/wp-content\/uploads\/2020\/09\/perlen-1-211x300.jpg 211w, https:\/\/de-block.org\/wp-content\/uploads\/2020\/09\/perlen-1-768x1092.jpg 768w, https:\/\/de-block.org\/wp-content\/uploads\/2020\/09\/perlen-1.jpg 900w\" sizes=\"auto, (max-width: 540px) 100vw, 540px\" \/><\/figure>\n","protected":false},"excerpt":{"rendered":"<p>de-block organisiert sich ohne Hierarchien unabh\u00e4ngig | selbstbestimmt | barrierearm | gemeinsam | gemeinn\u00fctzig | als Verein de-block ist offen f\u00fcr Menschen und Gruppen mit Ideen und Interesse | mit Lust auf Zusammenarbeit | mit Respekt f\u00fcr die bisherigen Strukturen und Grunds\u00e4tze de-block ist froh um SpendenCommunity Center de_blockWaldmannstrasse 17 | 3027 Bern WestIBAN: CH54 &hellip; <\/p>\n<p class=\"link-more\"><a href=\"https:\/\/de-block.org\/?page_id=11\" class=\"more-link\">Continue reading<span class=\"screen-reader-text\"> &#8220;Mitmachen&#8221;<\/span><\/a><\/p>\n","protected":false},"author":1,"featured_media":0,"parent":0,"menu_order":0,"comment_status":"closed","ping_status":"closed","template":"","meta":{"footnotes":""},"class_list":["post-11","page","type-page","status-publish","hentry"],"_links":{"self":[{"href":"https:\/\/de-block.org\/index.php?rest_route=\/wp\/v2\/pages\/11","targetHints":{"allow":["GET"]}}],"collection":[{"href":"https:\/\/de-block.org\/index.php?rest_route=\/wp\/v2\/pages"}],"about":[{"href":"https:\/\/de-block.org\/index.php?rest_route=\/wp\/v2\/types\/page"}],"author":[{"embeddable":true,"href":"https:\/\/de-block.org\/index.php?rest_route=\/wp\/v2\/users\/1"}],"replies":[{"embeddable":true,"href":"https:\/\/de-block.org\/index.php?rest_route=%2Fwp%2Fv2%2Fcomments&post=11"}],"version-history":[{"count":8,"href":"https:\/\/de-block.org\/index.php?rest_route=\/wp\/v2\/pages\/11\/revisions"}],"predecessor-version":[{"id":145,"href":"https:\/\/de-block.org\/index.php?rest_route=\/wp\/v2\/pages\/11\/revisions\/145"}],"wp:attachment":[{"href":"https:\/\/de-block.org\/index.php?rest_route=%2Fwp%2Fv2%2Fmedia&parent=11"}],"curies":[{"name":"wp","href":"https:\/\/api.w.org\/{rel}","templated":true}]}}